{"id":54,"date":"2015-04-30T09:44:26","date_gmt":"2015-04-30T09:44:26","guid":{"rendered":"http:\/\/swiss-cow-index.ch\/?page_id=54"},"modified":"2025-12-12T13:47:39","modified_gmt":"2025-12-12T13:47:39","slug":"stierenempfehlung","status":"publish","type":"page","link":"https:\/\/swiss-cow-index.ch\/?page_id=54","title":{"rendered":"Stierenempfehlung"},"content":{"rendered":"<p>[et_pb_section fb_built=&#8220;1&#8243; _builder_version=&#8220;3.0.47&#8243;][et_pb_row _builder_version=&#8220;3.0.48&#8243; background_size=&#8220;initial&#8220; background_position=&#8220;top_left&#8220; background_repeat=&#8220;repeat&#8220;][et_pb_column type=&#8220;4_4&#8243; _builder_version=&#8220;3.0.47&#8243; parallax=&#8220;off&#8220; parallax_method=&#8220;on&#8220;][et_pb_blurb title=&#8220;Stierenempfehlungen&#8220; _builder_version=&#8220;3.0.87&#8243; header_text_color=&#8220;#ffffff&#8220; header_font_size=&#8220;25&#8243; header_letter_spacing=&#8220;2px&#8220; header_line_height=&#8220;2em&#8220; body_line_height=&#8220;2em&#8220; background_color=&#8220;#009ee3&#8243; background_size=&#8220;initial&#8220; background_position=&#8220;top_left&#8220; background_repeat=&#8220;repeat&#8220; text_orientation=&#8220;center&#8220; use_border_color=&#8220;off&#8220; border_color=&#8220;#ffffff&#8220; border_style=&#8220;solid&#8220; saved_tabs=&#8220;all&#8220;][\/et_pb_blurb][et_pb_text _builder_version=&#8220;3.0.87&#8243; text_line_height=&#8220;2em&#8220; background_size=&#8220;initial&#8220; background_position=&#8220;top_left&#8220; background_repeat=&#8220;repeat&#8220; text_orientation=&#8220;center&#8220; module_alignment=&#8220;center&#8220; use_border_color=&#8220;off&#8220; border_color=&#8220;#ffffff&#8220; border_style=&#8220;solid&#8220; saved_tabs=&#8220;all&#8220;]<\/p>\n<p><span style=\"font-size: large;\">Die Listen mit den Stierenempfehlungen, welche sich zur Zucht auf problemlose, effiziente K\u00fche eignet werden hier publiziert. Mitglieder der IG Neue Schweizer Kuh bekommen diese Listen direkt zugesandt und haben im internen Bereich Zugriff auf die vollst\u00e4ndige Stierenliste. Mitglieder haben zudem die M\u00f6glichkeit den SWI-monet\u00e4r ihrer Tiere anhand der Einzelzuchtwerte zu berechnen.<\/span><\/p>\n<p>[\/et_pb_text][\/et_pb_column][\/et_pb_row][et_pb_row _builder_version=&#8220;3.18&#8243;][et_pb_column type=&#8220;1_3&#8243; _builder_version=&#8220;3.18&#8243; parallax=&#8220;off&#8220; parallax_method=&#8220;on&#8220;][et_pb_blurb title=&#8220;Empfehlung Swiss Fleckvieh&#8220; url=&#8220;https:\/\/swiss-cow-index.ch\/wp-content\/uploads\/2025\/12\/25.12_SF.pdf&#8220; image=&#8220;https:\/\/swiss-cow-index.ch\/wp-content\/uploads\/2015\/04\/Kopf_Fleckvieh.png&#8220; _builder_version=&#8220;3.18&#8243; body_line_height=&#8220;2em&#8220; background_size=&#8220;initial&#8220; background_position=&#8220;top_left&#8220; background_repeat=&#8220;repeat&#8220; text_orientation=&#8220;center&#8220; max_width_tablet=&#8220;50px&#8220; link_option_url_new_window=&#8220;on&#8220; use_border_color=&#8220;off&#8220;][\/et_pb_blurb][\/et_pb_column][et_pb_column type=&#8220;1_3&#8243; _builder_version=&#8220;3.18&#8243; parallax=&#8220;off&#8220; parallax_method=&#8220;on&#8220;][et_pb_blurb title=&#8220;Empfehlung Simmental&#8220; url=&#8220;https:\/\/swiss-cow-index.ch\/wp-content\/uploads\/2025\/12\/25.12_SI.pdf&#8220; url_new_window=&#8220;on&#8220; image=&#8220;https:\/\/swiss-cow-index.ch\/wp-content\/uploads\/2015\/04\/Kopf_Fleckvieh.png&#8220; _builder_version=&#8220;3.18&#8243; body_line_height=&#8220;2em&#8220; background_size=&#8220;initial&#8220; background_position=&#8220;top_left&#8220; background_repeat=&#8220;repeat&#8220; text_orientation=&#8220;center&#8220; max_width_tablet=&#8220;50px&#8220; link_option_url_new_window=&#8220;on&#8220; use_border_color=&#8220;off&#8220;][\/et_pb_blurb][\/et_pb_column][et_pb_column type=&#8220;1_3&#8243; _builder_version=&#8220;3.18&#8243; parallax=&#8220;off&#8220; parallax_method=&#8220;on&#8220;][et_pb_blurb title=&#8220;Empfehlung BIO KB Stierenprojekt&#8220; url=&#8220;https:\/\/swiss-cow-index.ch\/wp-content\/uploads\/2025\/12\/25.12._BIO.pdf&#8220; image=&#8220;https:\/\/swiss-cow-index.ch\/wp-content\/uploads\/2015\/04\/Kopf_Fleckvieh.png&#8220; _builder_version=&#8220;3.18&#8243; body_line_height=&#8220;2em&#8220; background_size=&#8220;initial&#8220; background_position=&#8220;top_left&#8220; background_repeat=&#8220;repeat&#8220; text_orientation=&#8220;center&#8220; max_width_tablet=&#8220;50px&#8220; link_option_url_new_window=&#8220;on&#8220; use_border_color=&#8220;off&#8220;][\/et_pb_blurb][\/et_pb_column][\/et_pb_row][et_pb_row _builder_version=&#8220;3.18&#8243;][et_pb_column type=&#8220;1_3&#8243; _builder_version=&#8220;3.18&#8243; parallax=&#8220;off&#8220; parallax_method=&#8220;on&#8220;][et_pb_blurb title=&#8220;Empfehlung Holstein &#038; Red HO gepr\u00fcfte Stiere&#8220; url=&#8220;https:\/\/swiss-cow-index.ch\/wp-content\/uploads\/2025\/12\/25.12_HONZP.pdf&#8220; image=&#8220;https:\/\/swiss-cow-index.ch\/wp-content\/uploads\/2015\/04\/Holstein.png&#8220; _builder_version=&#8220;3.18&#8243; body_line_height=&#8220;2em&#8220; background_size=&#8220;initial&#8220; background_position=&#8220;top_left&#8220; background_repeat=&#8220;repeat&#8220; text_orientation=&#8220;center&#8220; max_width_tablet=&#8220;50px&#8220; link_option_url_new_window=&#8220;on&#8220; use_border_color=&#8220;off&#8220;][\/et_pb_blurb][\/et_pb_column][et_pb_column type=&#8220;1_3&#8243; _builder_version=&#8220;3.18&#8243; parallax=&#8220;off&#8220; parallax_method=&#8220;on&#8220;][et_pb_blurb title=&#8220;Empfehlung Holstein &#038; Redholstein Jungstiere&#8220; url=&#8220;https:\/\/swiss-cow-index.ch\/wp-content\/uploads\/2025\/12\/25.12_HOG.pdf&#8220; image=&#8220;https:\/\/swiss-cow-index.ch\/wp-content\/uploads\/2015\/04\/Holstein.png&#8220; _builder_version=&#8220;3.18&#8243; body_line_height=&#8220;2em&#8220; background_size=&#8220;initial&#8220; background_position=&#8220;top_left&#8220; background_repeat=&#8220;repeat&#8220; text_orientation=&#8220;center&#8220; max_width_tablet=&#8220;50px&#8220; link_option_url_new_window=&#8220;on&#8220; use_border_color=&#8220;off&#8220;][\/et_pb_blurb][\/et_pb_column][et_pb_column type=&#8220;1_3&#8243; _builder_version=&#8220;3.18&#8243; parallax=&#8220;off&#8220; parallax_method=&#8220;on&#8220;][et_pb_blurb title=&#8220;Empfehlung Holstein BIO (nicht ET Stiere)&#8220; url=&#8220;https:\/\/swiss-cow-index.ch\/wp-content\/uploads\/2025\/12\/25.12_HOBio.pdf&#8220; image=&#8220;https:\/\/swiss-cow-index.ch\/wp-content\/uploads\/2015\/04\/Holstein.png&#8220; _builder_version=&#8220;3.18&#8243; body_line_height=&#8220;2em&#8220; background_size=&#8220;initial&#8220; background_position=&#8220;top_left&#8220; background_repeat=&#8220;repeat&#8220; text_orientation=&#8220;center&#8220; max_width_tablet=&#8220;50px&#8220; link_option_url_new_window=&#8220;on&#8220; use_border_color=&#8220;off&#8220;][\/et_pb_blurb][\/et_pb_column][\/et_pb_row][et_pb_row _builder_version=&#8220;3.18&#8243;][et_pb_column type=&#8220;1_3&#8243; _builder_version=&#8220;3.18&#8243; parallax=&#8220;off&#8220; parallax_method=&#8220;on&#8220;][et_pb_blurb title=&#8220;Empfehlung Brown Swiss&#8220; url=&#8220;https:\/\/swiss-cow-index.ch\/wp-content\/uploads\/2025\/12\/25.12_BV.pdf&#8220; image=&#8220;https:\/\/swiss-cow-index.ch\/wp-content\/uploads\/2015\/04\/Kopf_braun.png&#8220; _builder_version=&#8220;3.18&#8243; body_line_height=&#8220;2em&#8220; background_size=&#8220;initial&#8220; background_position=&#8220;top_left&#8220; background_repeat=&#8220;repeat&#8220; text_orientation=&#8220;center&#8220; max_width_tablet=&#8220;50px&#8220; link_option_url_new_window=&#8220;on&#8220; use_border_color=&#8220;off&#8220;][\/et_pb_blurb][\/et_pb_column][et_pb_column type=&#8220;1_3&#8243; _builder_version=&#8220;3.18&#8243; parallax=&#8220;off&#8220; parallax_method=&#8220;on&#8220;][et_pb_blurb title=&#8220;Empfehlung Original Braunvieh&#8220; url=&#8220;https:\/\/swiss-cow-index.ch\/wp-content\/uploads\/2025\/12\/25.12_OB.pdf&#8220; image=&#8220;https:\/\/swiss-cow-index.ch\/wp-content\/uploads\/2015\/04\/Kopf_braun.png&#8220; _builder_version=&#8220;3.18&#8243; header_font=&#8220;||||||||&#8220; body_line_height=&#8220;2em&#8220; background_size=&#8220;initial&#8220; background_position=&#8220;top_left&#8220; background_repeat=&#8220;repeat&#8220; text_orientation=&#8220;center&#8220; max_width_tablet=&#8220;50px&#8220; link_option_url_new_window=&#8220;on&#8220; use_border_color=&#8220;off&#8220;][\/et_pb_blurb][\/et_pb_column][et_pb_column type=&#8220;1_3&#8243; _builder_version=&#8220;3.18&#8243; parallax=&#8220;off&#8220; parallax_method=&#8220;on&#8220;][\/et_pb_column][\/et_pb_row][et_pb_row _builder_version=&#8220;3.0.48&#8243; background_size=&#8220;initial&#8220; background_position=&#8220;top_left&#8220; background_repeat=&#8220;repeat&#8220;][et_pb_column type=&#8220;4_4&#8243; _builder_version=&#8220;3.0.47&#8243; parallax=&#8220;off&#8220; parallax_method=&#8220;on&#8220;][et_pb_divider show_divider=&#8220;off&#8220; height=&#8220;4&#8243; disabled_on=&#8220;on|on|off&#8220; _builder_version=&#8220;3.2&#8243; hide_on_mobile=&#8220;on&#8220;][\/et_pb_divider][\/et_pb_column][\/et_pb_row][\/et_pb_section]<\/p>\n","protected":false},"excerpt":{"rendered":"<p>[et_pb_section fb_built=&#8220;1&#8243; _builder_version=&#8220;3.0.47&#8243;][et_pb_row _builder_version=&#8220;3.0.48&#8243; background_size=&#8220;initial&#8220; background_position=&#8220;top_left&#8220; background_repeat=&#8220;repeat&#8220;][et_pb_column type=&#8220;4_4&#8243; _builder_version=&#8220;3.0.47&#8243; parallax=&#8220;off&#8220; parallax_method=&#8220;on&#8220;][et_pb_blurb title=&#8220;Stierenempfehlungen&#8220; _builder_version=&#8220;3.0.87&#8243; header_text_color=&#8220;#ffffff&#8220; header_font_size=&#8220;25&#8243; header_letter_spacing=&#8220;2px&#8220; header_line_height=&#8220;2em&#8220; body_line_height=&#8220;2em&#8220; background_color=&#8220;#009ee3&#8243; background_size=&#8220;initial&#8220; background_position=&#8220;top_left&#8220; background_repeat=&#8220;repeat&#8220; text_orientation=&#8220;center&#8220; use_border_color=&#8220;off&#8220; border_color=&#8220;#ffffff&#8220; border_style=&#8220;solid&#8220; saved_tabs=&#8220;all&#8220;][\/et_pb_blurb][et_pb_text _builder_version=&#8220;3.0.87&#8243; text_line_height=&#8220;2em&#8220; background_size=&#8220;initial&#8220; background_position=&#8220;top_left&#8220; background_repeat=&#8220;repeat&#8220; text_orientation=&#8220;center&#8220; module_alignment=&#8220;center&#8220; use_border_color=&#8220;off&#8220; border_color=&#8220;#ffffff&#8220; border_style=&#8220;solid&#8220; saved_tabs=&#8220;all&#8220;] Die Listen mit den Stierenempfehlungen, welche sich zur Zucht auf problemlose, effiziente K\u00fche eignet werden hier publiziert. [&hellip;]<\/p>\n","protected":false},"author":1,"featured_media":0,"parent":0,"menu_order":0,"comment_status":"open","ping_status":"open","template":"","meta":{"_et_pb_use_builder":"on","_et_pb_old_content":"<!-- wp:heading -->\n<h2><\/h2>\n<!-- \/wp:heading -->\n\n<!-- wp:paragraph -->\n<p><\/p>\n<!-- \/wp:paragraph -->","footnotes":""},"class_list":["post-54","page","type-page","status-publish","hentry"],"_links":{"self":[{"href":"https:\/\/swiss-cow-index.ch\/index.php?rest_route=\/wp\/v2\/pages\/54","targetHints":{"allow":["GET"]}}],"collection":[{"href":"https:\/\/swiss-cow-index.ch\/index.php?rest_route=\/wp\/v2\/pages"}],"about":[{"href":"https:\/\/swiss-cow-index.ch\/index.php?rest_route=\/wp\/v2\/types\/page"}],"author":[{"embeddable":true,"href":"https:\/\/swiss-cow-index.ch\/index.php?rest_route=\/wp\/v2\/users\/1"}],"replies":[{"embeddable":true,"href":"https:\/\/swiss-cow-index.ch\/index.php?rest_route=%2Fwp%2Fv2%2Fcomments&post=54"}],"version-history":[{"count":133,"href":"https:\/\/swiss-cow-index.ch\/index.php?rest_route=\/wp\/v2\/pages\/54\/revisions"}],"predecessor-version":[{"id":1485,"href":"https:\/\/swiss-cow-index.ch\/index.php?rest_route=\/wp\/v2\/pages\/54\/revisions\/1485"}],"wp:attachment":[{"href":"https:\/\/swiss-cow-index.ch\/index.php?rest_route=%2Fwp%2Fv2%2Fmedia&parent=54"}],"curies":[{"name":"wp","href":"https:\/\/api.w.org\/{rel}","templated":true}]}}