{"id":37,"date":"2015-04-29T20:09:33","date_gmt":"2015-04-29T20:09:33","guid":{"rendered":"http:\/\/swiss-cow-index.ch\/?page_id=37"},"modified":"2026-04-15T08:32:20","modified_gmt":"2026-04-15T08:32:20","slug":"start","status":"publish","type":"page","link":"https:\/\/swiss-cow-index.ch\/","title":{"rendered":"Start"},"content":{"rendered":"<p>[et_pb_section fb_built=&#8220;1&#8243; _builder_version=&#8220;3.0.47&#8243;][et_pb_row _builder_version=&#8220;3.18&#8243;][et_pb_column type=&#8220;4_4&#8243; _builder_version=&#8220;3.18&#8243; parallax=&#8220;off&#8220; parallax_method=&#8220;on&#8220;][et_pb_text _builder_version=&#8220;3.18&#8243; quote_font=&#8220;||||||||&#8220; header_font=&#8220;||||||||&#8220; background_color=&#8220;#7cda24&#8243; border_radii=&#8220;||||&#8220;]<\/p>\n<h1 style=\"text-align: center;\"><\/h1>\n<h1 style=\"text-align: center;\"><span style=\"text-decoration: underline;\"><strong>NEWS:<\/strong><\/span><\/h1>\n<h4 style=\"text-align: center;\">Die neuen\u00a0<strong><a href=\"https:\/\/swiss-cow-index.ch\/?page_id=54\">Stierenempfehlungslisten<\/a><\/strong>\u00a0nach der\u00a0ZWS April 2026 sind online<\/h4>\n<h4 style=\"text-align: center;\">M\u00f6chten Sie <strong><a href=\"https:\/\/swiss-cow-index.ch\/wp-content\/uploads\/2019\/09\/IG_Neue_Schweizer_Kuh_Beitrittsgesuch_V2025.pdf\">Mitglied<\/a><\/strong> der IG werden?<\/h4>\n<p>[\/et_pb_text][et_pb_divider _builder_version=&#8220;3.2.2&#8243;][\/et_pb_divider][\/et_pb_column][\/et_pb_row][et_pb_row _builder_version=&#8220;3.18&#8243;][et_pb_column type=&#8220;1_2&#8243; _builder_version=&#8220;3.18&#8243; parallax=&#8220;off&#8220; parallax_method=&#8220;on&#8220;][et_pb_blurb _builder_version=&#8220;3.18&#8243; body_text_color=&#8220;#000000&#8243; body_line_height=&#8220;2em&#8220; background_size=&#8220;initial&#8220; background_position=&#8220;top_left&#8220; background_repeat=&#8220;repeat&#8220; use_border_color=&#8220;off&#8220; border_color=&#8220;#ffffff&#8220; border_style=&#8220;solid&#8220;]<\/p>\n<p style=\"padding-left: 30px; text-align: justify;\"><span style=\"font-size: large;\">Die IG &#8222;Neue Schweizer Kuh\u201c verfolgt das Ziel der F\u00f6rderung und Unterst\u00fctzung der Zucht von effizienten Milchk\u00fchen f\u00fcr eine wirtschaftliche Milchproduktion auf der Basis von Grasland und anderen inl\u00e4ndischen Raufutterfl\u00e4chen mit m\u00f6glichst geringem Antibiotikaeinsatz.<\/span><\/p>\n<p>[\/et_pb_blurb][et_pb_text _builder_version=&#8220;3.18&#8243;][\/et_pb_text][\/et_pb_column][et_pb_column type=&#8220;1_2&#8243; _builder_version=&#8220;3.18&#8243; parallax=&#8220;off&#8220; parallax_method=&#8220;on&#8220;][et_pb_gallery gallery_ids=&#8220;1037,1035,1034,986,1421,1420&#8243; fullwidth=&#8220;on&#8220; hover_icon=&#8220;%%28%%&#8220; _builder_version=&#8220;3.18&#8243; title_font=&#8220;||||||||&#8220; caption_all_caps=&#8220;off&#8220; auto=&#8220;on&#8220; auto_speed=&#8220;6000&#8243; use_border_color=&#8220;off&#8220; border_color=&#8220;#ffffff&#8220; border_style=&#8220;solid&#8220;][\/et_pb_gallery][\/et_pb_column][\/et_pb_row][et_pb_row _builder_version=&#8220;3.18&#8243;][et_pb_column type=&#8220;1_2&#8243; _builder_version=&#8220;3.18&#8243; parallax=&#8220;off&#8220; parallax_method=&#8220;on&#8220;][et_pb_blurb title=&#8220;Steckbrief IG Neue Schweizer Kuh&#8220; url=&#8220;https:\/\/swiss-cow-index.ch\/wp-content\/uploads\/2017\/02\/Steckbrief-IG-Neue-Schweizer-Kuh-2017.pdf&#8220; url_new_window=&#8220;on&#8220; use_icon=&#8220;on&#8220; font_icon=&#8220;%%98%%&#8220; icon_color=&#8220;#1e73be&#8220; use_circle=&#8220;on&#8220; _builder_version=&#8220;3.0.87&#8243; body_line_height=&#8220;2em&#8220; background_size=&#8220;initial&#8220; background_position=&#8220;top_left&#8220; background_repeat=&#8220;repeat&#8220; text_orientation=&#8220;center&#8220; use_border_color=&#8220;off&#8220; border_color=&#8220;#ffffff&#8220; border_style=&#8220;solid&#8220;][\/et_pb_blurb][\/et_pb_column][et_pb_column type=&#8220;1_2&#8243; _builder_version=&#8220;3.18&#8243; parallax=&#8220;off&#8220; parallax_method=&#8220;on&#8220;][et_pb_blurb title=&#8220;Beitrittsgesuch&#8220; url=&#8220;https:\/\/swiss-cow-index.ch\/wp-content\/uploads\/2019\/04\/IG_Neue_Schweizer_Kuh_Beitrittsgesuch_V2025.pdf&#8220; use_icon=&#8220;on&#8220; font_icon=&#8220;%%98%%&#8220; icon_color=&#8220;#1e73be&#8220; use_circle=&#8220;on&#8220; _builder_version=&#8220;3.18&#8243; body_line_height=&#8220;2em&#8220; background_size=&#8220;initial&#8220; background_position=&#8220;top_left&#8220; background_repeat=&#8220;repeat&#8220; text_orientation=&#8220;center&#8220; use_border_color=&#8220;off&#8220; border_color=&#8220;#ffffff&#8220; border_style=&#8220;solid&#8220;][\/et_pb_blurb][\/et_pb_column][\/et_pb_row][et_pb_row _builder_version=&#8220;3.2.2&#8243;][et_pb_column type=&#8220;4_4&#8243; _builder_version=&#8220;3.2.2&#8243; parallax=&#8220;off&#8220; parallax_method=&#8220;on&#8220;][et_pb_divider _builder_version=&#8220;3.2.2&#8243;][\/et_pb_divider][\/et_pb_column][\/et_pb_row][et_pb_row _builder_version=&#8220;3.18&#8243;][et_pb_column type=&#8220;4_4&#8243; _builder_version=&#8220;3.18&#8243; parallax=&#8220;off&#8220; parallax_method=&#8220;on&#8220;][et_pb_video src=&#8220;https:\/\/www.youtube.com\/watch?v=5F3IgGzP3Ls&#8220; _builder_version=&#8220;3.18&#8243;][\/et_pb_video][\/et_pb_column][\/et_pb_row][et_pb_row _builder_version=&#8220;3.2.2&#8243;][et_pb_column type=&#8220;4_4&#8243; _builder_version=&#8220;3.2.2&#8243; parallax=&#8220;off&#8220; parallax_method=&#8220;on&#8220;][et_pb_divider _builder_version=&#8220;3.2.2&#8243;][\/et_pb_divider][\/et_pb_column][\/et_pb_row][et_pb_row _builder_version=&#8220;3.18&#8243;][et_pb_column type=&#8220;1_3&#8243; _builder_version=&#8220;3.18&#8243; parallax=&#8220;off&#8220; parallax_method=&#8220;on&#8220;][et_pb_video src=&#8220;https:\/\/www.youtube.com\/watch?v=45kWAZfgNMQ&#8220; _builder_version=&#8220;3.18&#8243;][\/et_pb_video][\/et_pb_column][et_pb_column type=&#8220;1_3&#8243; _builder_version=&#8220;3.18&#8243; parallax=&#8220;off&#8220; parallax_method=&#8220;on&#8220;][et_pb_blurb title=&#8220;SRF Wirtschaftssendung ECO zur kleineren, ges\u00fcnderen Herdenkuh&#8220; url=&#8220;https:\/\/www.srf.ch\/news\/wirtschaft\/umdenken-in-der-landwirtschaft-pioniere-der-vernunft-die-suche-nach-der-neuen-schweizer-kuh&#8220; url_new_window=&#8220;on&#8220; use_icon=&#8220;on&#8220; font_icon=&#8220;%%40%%&#8220; _builder_version=&#8220;3.2.2&#8243;][\/et_pb_blurb][\/et_pb_column][et_pb_column type=&#8220;1_3&#8243; _builder_version=&#8220;3.18&#8243; parallax=&#8220;off&#8220; parallax_method=&#8220;on&#8220;][et_pb_video src=&#8220;https:\/\/www.youtube.com\/watch?v=0eeZcDDenCo&#8220; _builder_version=&#8220;3.18&#8243;][\/et_pb_video][\/et_pb_column][\/et_pb_row][et_pb_row _builder_version=&#8220;3.18&#8243;][et_pb_column type=&#8220;4_4&#8243; _builder_version=&#8220;3.18&#8243; parallax=&#8220;off&#8220; parallax_method=&#8220;on&#8220;][\/et_pb_column][\/et_pb_row][\/et_pb_section]<\/p>\n","protected":false},"excerpt":{"rendered":"<p>[et_pb_section fb_built=&#8220;1&#8243; _builder_version=&#8220;3.0.47&#8243;][et_pb_row _builder_version=&#8220;3.18&#8243;][et_pb_column type=&#8220;4_4&#8243; _builder_version=&#8220;3.18&#8243; parallax=&#8220;off&#8220; parallax_method=&#8220;on&#8220;][et_pb_text _builder_version=&#8220;3.18&#8243; quote_font=&#8220;||||||||&#8220; header_font=&#8220;||||||||&#8220; background_color=&#8220;#7cda24&#8243; border_radii=&#8220;||||&#8220;] NEWS: Die neuen\u00a0Stierenempfehlungslisten\u00a0nach der\u00a0ZWS April 2026 sind online M\u00f6chten Sie Mitglied der IG werden? [\/et_pb_text][et_pb_divider _builder_version=&#8220;3.2.2&#8243;][\/et_pb_divider][\/et_pb_column][\/et_pb_row][et_pb_row _builder_version=&#8220;3.18&#8243;][et_pb_column type=&#8220;1_2&#8243; _builder_version=&#8220;3.18&#8243; parallax=&#8220;off&#8220; parallax_method=&#8220;on&#8220;][et_pb_blurb _builder_version=&#8220;3.18&#8243; body_text_color=&#8220;#000000&#8243; body_line_height=&#8220;2em&#8220; background_size=&#8220;initial&#8220; background_position=&#8220;top_left&#8220; background_repeat=&#8220;repeat&#8220; use_border_color=&#8220;off&#8220; border_color=&#8220;#ffffff&#8220; border_style=&#8220;solid&#8220;] Die IG &#8222;Neue Schweizer Kuh\u201c verfolgt das Ziel der F\u00f6rderung und Unterst\u00fctzung [&hellip;]<\/p>\n","protected":false},"author":1,"featured_media":0,"parent":0,"menu_order":0,"comment_status":"open","ping_status":"open","template":"","meta":{"_et_pb_use_builder":"on","_et_pb_old_content":"<p>Hier entsteht der Internetauftritt zur neuen Schweizer Kuh.<\/p>","footnotes":""},"class_list":["post-37","page","type-page","status-publish","hentry"],"_links":{"self":[{"href":"https:\/\/swiss-cow-index.ch\/index.php?rest_route=\/wp\/v2\/pages\/37","targetHints":{"allow":["GET"]}}],"collection":[{"href":"https:\/\/swiss-cow-index.ch\/index.php?rest_route=\/wp\/v2\/pages"}],"about":[{"href":"https:\/\/swiss-cow-index.ch\/index.php?rest_route=\/wp\/v2\/types\/page"}],"author":[{"embeddable":true,"href":"https:\/\/swiss-cow-index.ch\/index.php?rest_route=\/wp\/v2\/users\/1"}],"replies":[{"embeddable":true,"href":"https:\/\/swiss-cow-index.ch\/index.php?rest_route=%2Fwp%2Fv2%2Fcomments&post=37"}],"version-history":[{"count":211,"href":"https:\/\/swiss-cow-index.ch\/index.php?rest_route=\/wp\/v2\/pages\/37\/revisions"}],"predecessor-version":[{"id":1510,"href":"https:\/\/swiss-cow-index.ch\/index.php?rest_route=\/wp\/v2\/pages\/37\/revisions\/1510"}],"wp:attachment":[{"href":"https:\/\/swiss-cow-index.ch\/index.php?rest_route=%2Fwp%2Fv2%2Fmedia&parent=37"}],"curies":[{"name":"wp","href":"https:\/\/api.w.org\/{rel}","templated":true}]}}